{"id":23,"date":"2024-05-31T22:47:11","date_gmt":"2024-05-31T22:47:11","guid":{"rendered":"http:\/\/ernestorassitangos.com\/?page_id=23"},"modified":"2024-06-23T23:07:22","modified_gmt":"2024-06-23T23:07:22","slug":"del-tingo-al-tango","status":"publish","type":"page","link":"https:\/\/www.ernestorassitangos.com\/zh\/del-tingo-al-tango\/","title":{"rendered":"\u4ece\u63a2\u6208\u5230\u63a2\u6208"},"content":{"rendered":"<style>.kb-row-layout-id23_4f175d-d4 > .kt-row-column-wrap{align-content:start;}:where(.kb-row-layout-id23_4f175d-d4 > .kt-row-column-wrap) > .wp-block-kadence-column{justify-content:start;}.kb-row-layout-id23_4f175d-d4 > .kt-row-column-wrap{column-gap:var(--global-kb-gap-md, 2rem);row-gap:var(--global-kb-gap-md, 2rem);padding-top:var(--global-kb-spacing-sm, 1.5rem);padding-bottom:var(--global-kb-spacing-sm, 1.5rem);grid-template-columns:minmax(0, 1fr);}.kb-row-layout-id23_4f175d-d4 > .kt-row-layout-overlay{opacity:0.30;}@media all and (max-width: 1024px){.kb-row-layout-id23_4f175d-d4 > .kt-row-column-wrap{grid-template-columns:minmax(0, 1fr);}}@media all and (max-width: 767px){.kb-row-layout-id23_4f175d-d4 > .kt-row-column-wrap{grid-template-columns:minmax(0, 1fr);}}<\/style><div class=\"kb-row-layout-wrap kb-row-layout-id23_4f175d-d4 alignnone wp-block-kadence-rowlayout\"><div class=\"kt-row-column-wrap kt-has-1-columns kt-row-layout-equal kt-tab-layout-inherit kt-mobile-layout-row kt-row-valign-top\">\n<style>.kadence-column23_ac1c0d-98 > .kt-inside-inner-col,.kadence-column23_ac1c0d-98 > .kt-inside-inner-col:before{border-top-left-radius:0px;border-top-right-radius:0px;border-bottom-right-radius:0px;border-bottom-left-radius:0px;}.kadence-column23_ac1c0d-98 > .kt-inside-inner-col{column-gap:var(--global-kb-gap-sm, 1rem);}.kadence-column23_ac1c0d-98 > .kt-inside-inner-col{flex-direction:column;}.kadence-column23_ac1c0d-98 > .kt-inside-inner-col > .aligncenter{width:100%;}.kadence-column23_ac1c0d-98 > .kt-inside-inner-col:before{opacity:0.3;}.kadence-column23_ac1c0d-98{position:relative;}@media all and (max-width: 1024px){.kadence-column23_ac1c0d-98 > .kt-inside-inner-col{flex-direction:column;justify-content:center;}}@media all and (max-width: 767px){.kadence-column23_ac1c0d-98 > .kt-inside-inner-col{flex-direction:column;justify-content:center;}}<\/style>\n<div class=\"wp-block-kadence-column kadence-column23_ac1c0d-98\"><div class=\"kt-inside-inner-col\">\n<figure class=\"wp-block-image size-full\"><img decoding=\"async\" width=\"1280\" height=\"720\" src=\"http:\/\/ernestorassitangos.com\/wp-content\/uploads\/2024\/06\/cartel-tingo-al-tango-orig_orig.jpg\" alt=\"\" class=\"wp-image-323\" srcset=\"https:\/\/www.ernestorassitangos.com\/wp-content\/uploads\/2024\/06\/cartel-tingo-al-tango-orig_orig.jpg 1280w, https:\/\/www.ernestorassitangos.com\/wp-content\/uploads\/2024\/06\/cartel-tingo-al-tango-orig_orig-450x253.jpg 450w, https:\/\/www.ernestorassitangos.com\/wp-content\/uploads\/2024\/06\/cartel-tingo-al-tango-orig_orig-768x432.jpg 768w, https:\/\/www.ernestorassitangos.com\/wp-content\/uploads\/2024\/06\/cartel-tingo-al-tango-orig_orig-18x10.jpg 18w\" sizes=\"(max-width: 1280px) 100vw, 1280px\" \/><\/figure>\n<\/div><\/div>\n\n<\/div><\/div>\n\n<style>.kb-row-layout-id23_d38a31-78 > .kt-row-column-wrap{align-content:start;}:where(.kb-row-layout-id23_d38a31-78 > .kt-row-column-wrap) > .wp-block-kadence-column{justify-content:start;}.kb-row-layout-id23_d38a31-78 > .kt-row-column-wrap{column-gap:var(--global-kb-gap-md, 2rem);row-gap:var(--global-kb-gap-md, 2rem);padding-top:var(--global-kb-spacing-sm, 1.5rem);padding-bottom:var(--global-kb-spacing-sm, 1.5rem);grid-template-columns:minmax(0, 1fr);}.kb-row-layout-id23_d38a31-78 > .kt-row-layout-overlay{opacity:0.30;}@media all and (max-width: 1024px){.kb-row-layout-id23_d38a31-78 > .kt-row-column-wrap{grid-template-columns:minmax(0, 1fr);}}@media all and (max-width: 767px){.kb-row-layout-id23_d38a31-78 > .kt-row-column-wrap{grid-template-columns:minmax(0, 1fr);}}<\/style><div class=\"kb-row-layout-wrap kb-row-layout-id23_d38a31-78 alignnone wp-block-kadence-rowlayout\"><div class=\"kt-row-column-wrap kt-has-1-columns kt-row-layout-equal kt-tab-layout-inherit kt-mobile-layout-row kt-row-valign-top\">\n<style>.kadence-column23_484cd7-70 > .kt-inside-inner-col,.kadence-column23_484cd7-70 > .kt-inside-inner-col:before{border-top-left-radius:0px;border-top-right-radius:0px;border-bottom-right-radius:0px;border-bottom-left-radius:0px;}.kadence-column23_484cd7-70 > .kt-inside-inner-col{column-gap:var(--global-kb-gap-sm, 1rem);}.kadence-column23_484cd7-70 > .kt-inside-inner-col{flex-direction:column;}.kadence-column23_484cd7-70 > .kt-inside-inner-col > .aligncenter{width:100%;}.kadence-column23_484cd7-70 > .kt-inside-inner-col:before{opacity:0.3;}.kadence-column23_484cd7-70{position:relative;}@media all and (max-width: 1024px){.kadence-column23_484cd7-70 > .kt-inside-inner-col{flex-direction:column;justify-content:center;}}@media all and (max-width: 767px){.kadence-column23_484cd7-70 > .kt-inside-inner-col{flex-direction:column;justify-content:center;}}<\/style>\n<div class=\"wp-block-kadence-column kadence-column23_484cd7-70\"><div class=\"kt-inside-inner-col\"><style>.wp-block-kadence-advancedheading.kt-adv-heading23_bafe00-8f, .wp-block-kadence-advancedheading.kt-adv-heading23_bafe00-8f[data-kb-block=\"kb-adv-heading23_bafe00-8f\"]{text-align:center;font-style:normal;}.wp-block-kadence-advancedheading.kt-adv-heading23_bafe00-8f mark.kt-highlight, .wp-block-kadence-advancedheading.kt-adv-heading23_bafe00-8f[data-kb-block=\"kb-adv-heading23_bafe00-8f\"] mark.kt-highlight{font-style:normal;color:#f76a0c;-webkit-box-decoration-break:clone;box-decoration-break:clone;padding-top:0px;padding-right:0px;padding-bottom:0px;padding-left:0px;}.wp-block-kadence-advancedheading.kt-adv-heading23_bafe00-8f img.kb-inline-image, .wp-block-kadence-advancedheading.kt-adv-heading23_bafe00-8f[data-kb-block=\"kb-adv-heading23_bafe00-8f\"] img.kb-inline-image{width:150px;vertical-align:baseline;}<\/style>\n<h1 class=\"kt-adv-heading23_bafe00-8f wp-block-kadence-advancedheading has-theme-palette-9-color has-text-color\" data-kb-block=\"kb-adv-heading23_bafe00-8f\">DEL TINGO AL TANGO<\/h1>\n\n\n<style>.wp-block-kadence-advancedheading.kt-adv-heading23_ebbd11-77, .wp-block-kadence-advancedheading.kt-adv-heading23_ebbd11-77[data-kb-block=\"kb-adv-heading23_ebbd11-77\"]{text-align:center;font-style:normal;}.wp-block-kadence-advancedheading.kt-adv-heading23_ebbd11-77 mark.kt-highlight, .wp-block-kadence-advancedheading.kt-adv-heading23_ebbd11-77[data-kb-block=\"kb-adv-heading23_ebbd11-77\"] mark.kt-highlight{font-style:normal;color:#f76a0c;-webkit-box-decoration-break:clone;box-decoration-break:clone;padding-top:0px;padding-right:0px;padding-bottom:0px;padding-left:0px;}.wp-block-kadence-advancedheading.kt-adv-heading23_ebbd11-77 img.kb-inline-image, .wp-block-kadence-advancedheading.kt-adv-heading23_ebbd11-77[data-kb-block=\"kb-adv-heading23_ebbd11-77\"] img.kb-inline-image{width:150px;vertical-align:baseline;}<\/style>\n<h5 class=\"kt-adv-heading23_ebbd11-77 wp-block-kadence-advancedheading has-theme-palette-9-color has-text-color\" data-kb-block=\"kb-adv-heading23_ebbd11-77\">TEATRO MUSICAL &#8211; GIRA POR ISLAS CANARIAS<\/h5>\n\n\n<style>.wp-block-kadence-advancedgallery.kb-gallery-wrap-id-23_a672a3-1b{margin-top:var(--global-kb-spacing-md, 2rem);margin-right:var(--global-kb-spacing-md, 2rem);margin-bottom:var(--global-kb-spacing-md, 2rem);margin-left:var(--global-kb-spacing-md, 2rem);}.kb-gallery-id-23_a672a3-1b .kadence-blocks-gallery-item .kb-gal-image-radius, .kb-gallery-id-23_a672a3-1b .kb-slide-item .kb-gal-image-radius img{border-radius:0px 0px 0px 0px;;}.kb-gallery-wrap-id-23_a672a3-1b.wp-block-kadence-advancedgallery{overflow:visible;}.kb-gallery-wrap-id-23_a672a3-1b.wp-block-kadence-advancedgallery .kt-blocks-carousel{overflow:visible;}@media all and (max-width: 767px){.wp-block-kadence-advancedgallery.kb-gallery-wrap-id-23_a672a3-1b{margin-right:0px;margin-left:0px;}}<\/style><div class=\"kb-gallery-wrap-id-23_a672a3-1b alignnone wp-block-kadence-advancedgallery\"><div class=\"kb-gallery-ul kb-gallery-non-static kb-gallery-type-slider kb-gallery-id-23_a672a3-1b kb-gallery-caption-style-bottom-hover kb-gallery-filter-none kb-gallery-magnific-init\" data-image-filter=\"none\" data-lightbox-caption=\"true\"><div class=\"kt-blocks-carousel splide kt-carousel-container-dotstyle-dark kt-carousel-arrowstyle-whiteondark kt-carousel-dotstyle-dark kb-slider-group-arrow kb-slider-arrow-position-center\" data-slider-anim-speed=\"400\" data-slider-scroll=\"1\" data-slider-arrows=\"true\" data-slider-fade=\"true\" data-slider-dots=\"true\" data-slider-type=\"slider\" data-slider-hover-pause=\"false\" data-slider-auto=\"\" data-slider-speed=\"7000\" data-show-pause-button=\"false\"><div class=\"splide__track\"><ul class=\"kt-blocks-carousel-init kb-blocks-slider splide__list\"><li class=\"kb-slide-item kb-gallery-slide-item splide__slide\"><div class=\"kadence-blocks-gallery-item\"><div class=\"kadence-blocks-gallery-item-inner\"><figure class=\"kb-gallery-figure kb-gallery-item-has-link kadence-blocks-gallery-item-hide-caption\"><a href=\"http:\/\/ernestorassitangos.com\/wp-content\/uploads\/2024\/06\/dsc-1579_orig.jpg\" class=\"kb-gallery-item-link\"   role=\"button\" aria-haspopup=\"dialog\"><div class=\"kb-gal-image-radius\"><div class=\"kb-gallery-image-contain kadence-blocks-gallery-intrinsic kb-gallery-image-ratio-land32 kb-has-image-ratio-land32\" ><img decoding=\"async\" src=\"http:\/\/ernestorassitangos.com\/wp-content\/uploads\/2024\/06\/dsc-1579_orig.jpg\" width=\"1100\" height=\"731\" alt=\"\" data-full-image=\"http:\/\/ernestorassitangos.com\/wp-content\/uploads\/2024\/06\/dsc-1579_orig.jpg\" data-light-image=\"http:\/\/ernestorassitangos.com\/wp-content\/uploads\/2024\/06\/dsc-1579_orig.jpg\" data-id=\"329\" class=\"wp-image-329 skip-lazy\" srcset=\"https:\/\/www.ernestorassitangos.com\/wp-content\/uploads\/2024\/06\/dsc-1579_orig.jpg 1100w, https:\/\/www.ernestorassitangos.com\/wp-content\/uploads\/2024\/06\/dsc-1579_orig-450x300.jpg 450w, https:\/\/www.ernestorassitangos.com\/wp-content\/uploads\/2024\/06\/dsc-1579_orig-768x510.jpg 768w, https:\/\/www.ernestorassitangos.com\/wp-content\/uploads\/2024\/06\/dsc-1579_orig-18x12.jpg 18w\" sizes=\"(max-width: 1100px) 100vw, 1100px\" \/><\/div><\/div><\/a><\/figure><\/div><\/div><\/li><li class=\"kb-slide-item kb-gallery-slide-item splide__slide\"><div class=\"kadence-blocks-gallery-item\"><div class=\"kadence-blocks-gallery-item-inner\"><figure class=\"kb-gallery-figure kb-gallery-item-has-link kadence-blocks-gallery-item-hide-caption\"><a href=\"http:\/\/ernestorassitangos.com\/wp-content\/uploads\/2024\/06\/bg-2_orig.jpg\" class=\"kb-gallery-item-link\"   role=\"button\" aria-haspopup=\"dialog\"><div class=\"kb-gal-image-radius\"><div class=\"kb-gallery-image-contain kadence-blocks-gallery-intrinsic kb-gallery-image-ratio-land32 kb-has-image-ratio-land32\" ><img decoding=\"async\" src=\"http:\/\/ernestorassitangos.com\/wp-content\/uploads\/2024\/06\/bg-2_orig.jpg\" width=\"654\" height=\"500\" alt=\"\" data-full-image=\"http:\/\/ernestorassitangos.com\/wp-content\/uploads\/2024\/06\/bg-2_orig.jpg\" data-light-image=\"http:\/\/ernestorassitangos.com\/wp-content\/uploads\/2024\/06\/bg-2_orig.jpg\" data-id=\"324\" class=\"wp-image-324 skip-lazy\" srcset=\"https:\/\/www.ernestorassitangos.com\/wp-content\/uploads\/2024\/06\/bg-2_orig.jpg 654w, https:\/\/www.ernestorassitangos.com\/wp-content\/uploads\/2024\/06\/bg-2_orig-392x300.jpg 392w, https:\/\/www.ernestorassitangos.com\/wp-content\/uploads\/2024\/06\/bg-2_orig-16x12.jpg 16w\" sizes=\"(max-width: 654px) 100vw, 654px\" \/><\/div><\/div><\/a><\/figure><\/div><\/div><\/li><li class=\"kb-slide-item kb-gallery-slide-item splide__slide\"><div class=\"kadence-blocks-gallery-item\"><div class=\"kadence-blocks-gallery-item-inner\"><figure class=\"kb-gallery-figure kb-gallery-item-has-link kadence-blocks-gallery-item-hide-caption\"><a href=\"http:\/\/ernestorassitangos.com\/wp-content\/uploads\/2024\/06\/dsc-1500_orig.jpg\" class=\"kb-gallery-item-link\"   role=\"button\" aria-haspopup=\"dialog\"><div class=\"kb-gal-image-radius\"><div class=\"kb-gallery-image-contain kadence-blocks-gallery-intrinsic kb-gallery-image-ratio-land32 kb-has-image-ratio-land32\" ><img decoding=\"async\" src=\"http:\/\/ernestorassitangos.com\/wp-content\/uploads\/2024\/06\/dsc-1500_orig.jpg\" width=\"841\" height=\"800\" alt=\"\" data-full-image=\"http:\/\/ernestorassitangos.com\/wp-content\/uploads\/2024\/06\/dsc-1500_orig.jpg\" data-light-image=\"http:\/\/ernestorassitangos.com\/wp-content\/uploads\/2024\/06\/dsc-1500_orig.jpg\" data-id=\"328\" class=\"wp-image-328 skip-lazy\" srcset=\"https:\/\/www.ernestorassitangos.com\/wp-content\/uploads\/2024\/06\/dsc-1500_orig.jpg 841w, https:\/\/www.ernestorassitangos.com\/wp-content\/uploads\/2024\/06\/dsc-1500_orig-315x300.jpg 315w, https:\/\/www.ernestorassitangos.com\/wp-content\/uploads\/2024\/06\/dsc-1500_orig-768x731.jpg 768w, https:\/\/www.ernestorassitangos.com\/wp-content\/uploads\/2024\/06\/dsc-1500_orig-13x12.jpg 13w\" sizes=\"(max-width: 841px) 100vw, 841px\" \/><\/div><\/div><\/a><\/figure><\/div><\/div><\/li><li class=\"kb-slide-item kb-gallery-slide-item splide__slide\"><div class=\"kadence-blocks-gallery-item\"><div class=\"kadence-blocks-gallery-item-inner\"><figure class=\"kb-gallery-figure kb-gallery-item-has-link kadence-blocks-gallery-item-hide-caption\"><a href=\"http:\/\/ernestorassitangos.com\/wp-content\/uploads\/2024\/06\/cafeee_orig.jpg\" class=\"kb-gallery-item-link\"   role=\"button\" aria-haspopup=\"dialog\"><div class=\"kb-gal-image-radius\"><div class=\"kb-gallery-image-contain kadence-blocks-gallery-intrinsic kb-gallery-image-ratio-land32 kb-has-image-ratio-land32\" ><img decoding=\"async\" src=\"http:\/\/ernestorassitangos.com\/wp-content\/uploads\/2024\/06\/cafeee_orig.jpg\" width=\"550\" height=\"412\" alt=\"\" data-full-image=\"http:\/\/ernestorassitangos.com\/wp-content\/uploads\/2024\/06\/cafeee_orig.jpg\" data-light-image=\"http:\/\/ernestorassitangos.com\/wp-content\/uploads\/2024\/06\/cafeee_orig.jpg\" data-id=\"325\" class=\"wp-image-325 skip-lazy\" srcset=\"https:\/\/www.ernestorassitangos.com\/wp-content\/uploads\/2024\/06\/cafeee_orig.jpg 550w, https:\/\/www.ernestorassitangos.com\/wp-content\/uploads\/2024\/06\/cafeee_orig-400x300.jpg 400w, https:\/\/www.ernestorassitangos.com\/wp-content\/uploads\/2024\/06\/cafeee_orig-16x12.jpg 16w\" sizes=\"(max-width: 550px) 100vw, 550px\" \/><\/div><\/div><\/a><\/figure><\/div><\/div><\/li><li class=\"kb-slide-item kb-gallery-slide-item splide__slide\"><div class=\"kadence-blocks-gallery-item\"><div class=\"kadence-blocks-gallery-item-inner\"><figure class=\"kb-gallery-figure kb-gallery-item-has-link kadence-blocks-gallery-item-hide-caption\"><a href=\"http:\/\/ernestorassitangos.com\/wp-content\/uploads\/2024\/06\/img-6494_orig.jpg\" class=\"kb-gallery-item-link\"   role=\"button\" aria-haspopup=\"dialog\"><div class=\"kb-gal-image-radius\"><div class=\"kb-gallery-image-contain kadence-blocks-gallery-intrinsic kb-gallery-image-ratio-land32 kb-has-image-ratio-land32\" ><img decoding=\"async\" src=\"http:\/\/ernestorassitangos.com\/wp-content\/uploads\/2024\/06\/img-6494_orig.jpg\" width=\"1024\" height=\"683\" alt=\"\" data-full-image=\"http:\/\/ernestorassitangos.com\/wp-content\/uploads\/2024\/06\/img-6494_orig.jpg\" data-light-image=\"http:\/\/ernestorassitangos.com\/wp-content\/uploads\/2024\/06\/img-6494_orig.jpg\" data-id=\"331\" class=\"wp-image-331 skip-lazy\" srcset=\"https:\/\/www.ernestorassitangos.com\/wp-content\/uploads\/2024\/06\/img-6494_orig.jpg 1024w, https:\/\/www.ernestorassitangos.com\/wp-content\/uploads\/2024\/06\/img-6494_orig-450x300.jpg 450w, https:\/\/www.ernestorassitangos.com\/wp-content\/uploads\/2024\/06\/img-6494_orig-768x512.jpg 768w, https:\/\/www.ernestorassitangos.com\/wp-content\/uploads\/2024\/06\/img-6494_orig-18x12.jpg 18w\" sizes=\"(max-width: 1024px) 100vw, 1024px\" \/><\/div><\/div><\/a><\/figure><\/div><\/div><\/li><li class=\"kb-slide-item kb-gallery-slide-item splide__slide\"><div class=\"kadence-blocks-gallery-item\"><div class=\"kadence-blocks-gallery-item-inner\"><figure class=\"kb-gallery-figure kb-gallery-item-has-link kadence-blocks-gallery-item-hide-caption\"><a href=\"http:\/\/ernestorassitangos.com\/wp-content\/uploads\/2024\/06\/barco.jpg\" class=\"kb-gallery-item-link\"   role=\"button\" aria-haspopup=\"dialog\"><div class=\"kb-gal-image-radius\"><div class=\"kb-gallery-image-contain kadence-blocks-gallery-intrinsic kb-gallery-image-ratio-land32 kb-has-image-ratio-land32\" ><img decoding=\"async\" src=\"http:\/\/ernestorassitangos.com\/wp-content\/uploads\/2024\/06\/barco.jpg\" width=\"400\" height=\"311\" alt=\"\" data-full-image=\"http:\/\/ernestorassitangos.com\/wp-content\/uploads\/2024\/06\/barco.jpg\" data-light-image=\"http:\/\/ernestorassitangos.com\/wp-content\/uploads\/2024\/06\/barco.jpg\" data-id=\"326\" class=\"wp-image-326 skip-lazy\" srcset=\"https:\/\/www.ernestorassitangos.com\/wp-content\/uploads\/2024\/06\/barco.jpg 400w, https:\/\/www.ernestorassitangos.com\/wp-content\/uploads\/2024\/06\/barco-386x300.jpg 386w, https:\/\/www.ernestorassitangos.com\/wp-content\/uploads\/2024\/06\/barco-15x12.jpg 15w\" sizes=\"(max-width: 400px) 100vw, 400px\" \/><\/div><\/div><\/a><\/figure><\/div><\/div><\/li><li class=\"kb-slide-item kb-gallery-slide-item splide__slide\"><div class=\"kadence-blocks-gallery-item\"><div class=\"kadence-blocks-gallery-item-inner\"><figure class=\"kb-gallery-figure kb-gallery-item-has-link kadence-blocks-gallery-item-hide-caption\"><a href=\"http:\/\/ernestorassitangos.com\/wp-content\/uploads\/2024\/06\/img-3971_orig.jpg\" class=\"kb-gallery-item-link\"   role=\"button\" aria-haspopup=\"dialog\"><div class=\"kb-gal-image-radius\"><div class=\"kb-gallery-image-contain kadence-blocks-gallery-intrinsic kb-gallery-image-ratio-land32 kb-has-image-ratio-land32\" ><img decoding=\"async\" src=\"http:\/\/ernestorassitangos.com\/wp-content\/uploads\/2024\/06\/img-3971_orig.jpg\" width=\"1100\" height=\"733\" alt=\"\" data-full-image=\"http:\/\/ernestorassitangos.com\/wp-content\/uploads\/2024\/06\/img-3971_orig.jpg\" data-light-image=\"http:\/\/ernestorassitangos.com\/wp-content\/uploads\/2024\/06\/img-3971_orig.jpg\" data-id=\"332\" class=\"wp-image-332 skip-lazy\" srcset=\"https:\/\/www.ernestorassitangos.com\/wp-content\/uploads\/2024\/06\/img-3971_orig.jpg 1100w, https:\/\/www.ernestorassitangos.com\/wp-content\/uploads\/2024\/06\/img-3971_orig-450x300.jpg 450w, https:\/\/www.ernestorassitangos.com\/wp-content\/uploads\/2024\/06\/img-3971_orig-768x512.jpg 768w, https:\/\/www.ernestorassitangos.com\/wp-content\/uploads\/2024\/06\/img-3971_orig-18x12.jpg 18w\" sizes=\"(max-width: 1100px) 100vw, 1100px\" \/><\/div><\/div><\/a><\/figure><\/div><\/div><\/li><li class=\"kb-slide-item kb-gallery-slide-item splide__slide\"><div class=\"kadence-blocks-gallery-item\"><div class=\"kadence-blocks-gallery-item-inner\"><figure class=\"kb-gallery-figure kb-gallery-item-has-link kadence-blocks-gallery-item-hide-caption\"><a href=\"http:\/\/ernestorassitangos.com\/wp-content\/uploads\/2024\/06\/barco-inmigrantes-espa-f1oles.jpg\" class=\"kb-gallery-item-link\"   role=\"button\" aria-haspopup=\"dialog\"><div class=\"kb-gal-image-radius\"><div class=\"kb-gallery-image-contain kadence-blocks-gallery-intrinsic kb-gallery-image-ratio-land32 kb-has-image-ratio-land32\" ><img decoding=\"async\" src=\"http:\/\/ernestorassitangos.com\/wp-content\/uploads\/2024\/06\/barco-inmigrantes-espa-f1oles.jpg\" width=\"400\" height=\"248\" alt=\"\" data-full-image=\"http:\/\/ernestorassitangos.com\/wp-content\/uploads\/2024\/06\/barco-inmigrantes-espa-f1oles.jpg\" data-light-image=\"http:\/\/ernestorassitangos.com\/wp-content\/uploads\/2024\/06\/barco-inmigrantes-espa-f1oles.jpg\" data-id=\"327\" class=\"wp-image-327 skip-lazy\" srcset=\"https:\/\/www.ernestorassitangos.com\/wp-content\/uploads\/2024\/06\/barco-inmigrantes-espa-f1oles.jpg 400w, https:\/\/www.ernestorassitangos.com\/wp-content\/uploads\/2024\/06\/barco-inmigrantes-espa-f1oles-18x12.jpg 18w\" sizes=\"(max-width: 400px) 100vw, 400px\" \/><\/div><\/div><\/a><\/figure><\/div><\/div><\/li><li class=\"kb-slide-item kb-gallery-slide-item splide__slide\"><div class=\"kadence-blocks-gallery-item\"><div class=\"kadence-blocks-gallery-item-inner\"><figure class=\"kb-gallery-figure kb-gallery-item-has-link kadence-blocks-gallery-item-hide-caption\"><a href=\"http:\/\/ernestorassitangos.com\/wp-content\/uploads\/2024\/06\/foto1_orig.jpg\" class=\"kb-gallery-item-link\"   role=\"button\" aria-haspopup=\"dialog\"><div class=\"kb-gal-image-radius\"><div class=\"kb-gallery-image-contain kadence-blocks-gallery-intrinsic kb-gallery-image-ratio-land32 kb-has-image-ratio-land32\" ><img decoding=\"async\" src=\"http:\/\/ernestorassitangos.com\/wp-content\/uploads\/2024\/06\/foto1_orig.jpg\" width=\"539\" height=\"342\" alt=\"\" data-full-image=\"http:\/\/ernestorassitangos.com\/wp-content\/uploads\/2024\/06\/foto1_orig.jpg\" data-light-image=\"http:\/\/ernestorassitangos.com\/wp-content\/uploads\/2024\/06\/foto1_orig.jpg\" data-id=\"330\" class=\"wp-image-330 skip-lazy\" srcset=\"https:\/\/www.ernestorassitangos.com\/wp-content\/uploads\/2024\/06\/foto1_orig.jpg 539w, https:\/\/www.ernestorassitangos.com\/wp-content\/uploads\/2024\/06\/foto1_orig-450x286.jpg 450w, https:\/\/www.ernestorassitangos.com\/wp-content\/uploads\/2024\/06\/foto1_orig-18x12.jpg 18w\" sizes=\"(max-width: 539px) 100vw, 539px\" \/><\/div><\/div><\/a><\/figure><\/div><\/div><\/li><\/ul><\/div><\/div><\/div><\/div><\/div><\/div>\n\n<\/div><\/div>\n\n<style>.kb-row-layout-id23_fe1d8c-dc > .kt-row-column-wrap{align-content:start;}:where(.kb-row-layout-id23_fe1d8c-dc > .kt-row-column-wrap) > .wp-block-kadence-column{justify-content:start;}.kb-row-layout-id23_fe1d8c-dc > .kt-row-column-wrap{column-gap:var(--global-kb-gap-md, 2rem);row-gap:var(--global-kb-gap-md, 2rem);padding-top:var(--global-kb-spacing-sm, 1.5rem);padding-bottom:var(--global-kb-spacing-sm, 1.5rem);grid-template-columns:minmax(0, 1fr);}.kb-row-layout-id23_fe1d8c-dc > .kt-row-layout-overlay{opacity:0.30;}@media all and (max-width: 1024px){.kb-row-layout-id23_fe1d8c-dc > .kt-row-column-wrap{grid-template-columns:minmax(0, 1fr);}}@media all and (max-width: 767px){.kb-row-layout-id23_fe1d8c-dc > .kt-row-column-wrap{grid-template-columns:minmax(0, 1fr);}}<\/style><div class=\"kb-row-layout-wrap kb-row-layout-id23_fe1d8c-dc alignnone wp-block-kadence-rowlayout\"><div class=\"kt-row-column-wrap kt-has-1-columns kt-row-layout-equal kt-tab-layout-inherit kt-mobile-layout-row kt-row-valign-top\">\n<style>.kadence-column23_1b0604-ff > .kt-inside-inner-col,.kadence-column23_1b0604-ff > .kt-inside-inner-col:before{border-top-left-radius:0px;border-top-right-radius:0px;border-bottom-right-radius:0px;border-bottom-left-radius:0px;}.kadence-column23_1b0604-ff > .kt-inside-inner-col{column-gap:var(--global-kb-gap-sm, 1rem);}.kadence-column23_1b0604-ff > .kt-inside-inner-col{flex-direction:column;}.kadence-column23_1b0604-ff > .kt-inside-inner-col > .aligncenter{width:100%;}.kadence-column23_1b0604-ff > .kt-inside-inner-col:before{opacity:0.3;}.kadence-column23_1b0604-ff{position:relative;}@media all and (max-width: 1024px){.kadence-column23_1b0604-ff > .kt-inside-inner-col{flex-direction:column;justify-content:center;}}@media all and (max-width: 767px){.kadence-column23_1b0604-ff > .kt-inside-inner-col{flex-direction:column;justify-content:center;}}<\/style>\n<div class=\"wp-block-kadence-column kadence-column23_1b0604-ff\"><div class=\"kt-inside-inner-col\">\n<h5 class=\"wp-block-heading has-theme-palette-9-color has-text-color has-link-color wp-elements-a23217b4e2c62d1e9a9d577e43a82be0\">\u200b\u201cDEL TINGO AL TANGO\u201d ES UNA OBRA DE TEATRO MUSICAL, QUE TIENE AL TANGO COMO EJE Y QUE CUENTA EN SU ELENCO CON M\u00daSICOS, BAILARINES Y CANTANTES,<br>LEER MAS\u2026<\/h5>\n\n\n\n<p class=\"has-theme-palette-9-color has-text-color has-link-color wp-elements-df85a0996a18ba89e2977a2db5ca54ca\">\u200b\u2026as\u00ed como con artistas locales invitados que incorporan otros g\u00e9neros musicales, en particular la m\u00fasica canaria.<br>La emigraci\u00f3n, la mezcla de culturas, as\u00ed como el humor, la participaci\u00f3n del p\u00fablico y la reflexi\u00f3n son componentes esenciales de la puesta.<br>El tango se baila y se siente en el mundo todo, en las m\u00e1s remotas culturas y latitudes. Es conmovedor que en un mundo con tantas inequidades y tanta fragmentaci\u00f3n, exista una m\u00fasica y una danza que nacida desde la mezcla de las m\u00e1s diversas culturas, que la emigraci\u00f3n llev\u00f3 al R\u00edo de la Plata hace m\u00e1s de cien a\u00f1os, hoy convoque y emocione a personas y comunidades de todos los rincones del planeta. No en vano ha sido declarado \u00abPatrimonio Intangible de la Humanidad\u00bb.<br>Apelando a los recuerdos, a las emociones y al humor, la obra refiere a distintos t\u00f3picos que marcaron el siglo XX &#8211; y siguen a\u00fan vigentes &#8211; como el desarraigo, la emigraci\u00f3n, la mezcla de culturas, la situaci\u00f3n de la mujer, el amor\u2026<br>VIVA EL TANGO!<\/p>\n<\/div><\/div>\n\n<\/div><\/div>","protected":false},"excerpt":{"rendered":"<p>DEL TINGO AL TANGO TEATRO MUSICAL - CANARY ISLANDS TOUR \"DEL TINGO AL TANGO \"\u662f\u4e00\u51fa\u4ee5\u5510\u5361\u821e\u4e3a\u6838\u5fc3\u7684\u97f3\u4e50\u5267\uff0c\u6f14\u5458\u5305\u62ec\u97f3\u4e50\u5bb6\u3001\u821e\u8e48\u5bb6\u548c\u6b4c\u5531\u5bb6\uff0c\u9605\u8bfb\u66f4\u591a......\u4ee5\u53ca\u878d\u5165\u4e86\u5176\u4ed6\u97f3\u4e50\u6d41\u6d3e\uff0c\u7279\u522b\u662f\u52a0\u90a3\u5229\u97f3\u4e50\u7684\u5f53\u5730\u5ba2\u5ea7\u827a\u672f\u5bb6....\u3002<\/p>","protected":false},"author":1,"featured_media":0,"parent":0,"menu_order":0,"comment_status":"closed","ping_status":"closed","template":"","meta":{"_kad_post_transparent":"","_kad_post_title":"","_kad_post_layout":"","_kad_post_sidebar_id":"","_kad_post_content_style":"","_kad_post_vertical_padding":"","_kad_post_feature":"","_kad_post_feature_position":"","_kad_post_header":false,"_kad_post_footer":false,"_kad_post_classname":"","footnotes":""},"class_list":["post-23","page","type-page","status-publish","hentry"],"_links":{"self":[{"href":"https:\/\/www.ernestorassitangos.com\/zh\/wp-json\/wp\/v2\/pages\/23","targetHints":{"allow":["GET"]}}],"collection":[{"href":"https:\/\/www.ernestorassitangos.com\/zh\/wp-json\/wp\/v2\/pages"}],"about":[{"href":"https:\/\/www.ernestorassitangos.com\/zh\/wp-json\/wp\/v2\/types\/page"}],"author":[{"embeddable":true,"href":"https:\/\/www.ernestorassitangos.com\/zh\/wp-json\/wp\/v2\/users\/1"}],"replies":[{"embeddable":true,"href":"https:\/\/www.ernestorassitangos.com\/zh\/wp-json\/wp\/v2\/comments?post=23"}],"version-history":[{"count":5,"href":"https:\/\/www.ernestorassitangos.com\/zh\/wp-json\/wp\/v2\/pages\/23\/revisions"}],"predecessor-version":[{"id":373,"href":"https:\/\/www.ernestorassitangos.com\/zh\/wp-json\/wp\/v2\/pages\/23\/revisions\/373"}],"wp:attachment":[{"href":"https:\/\/www.ernestorassitangos.com\/zh\/wp-json\/wp\/v2\/media?parent=23"}],"curies":[{"name":"wp","href":"https:\/\/api.w.org\/{rel}","templated":true}]}}